{"id":1911,"date":"2016-07-31T17:11:51","date_gmt":"2016-07-31T15:11:51","guid":{"rendered":"http:\/\/www.angerer-keiler.at\/?page_id=1911"},"modified":"2021-01-21T16:21:14","modified_gmt":"2021-01-21T15:21:14","slug":"impressum","status":"publish","type":"page","link":"https:\/\/www.installateur-wattens.at\/index.php\/impressum\/","title":{"rendered":"Impressum"},"content":{"rendered":"<p>&nbsp;<\/p>\n<h2><span style=\"color: #000000;\">IMPRESSSUM<\/span><\/h2>\n<p>Keiler &amp; Astl Installationstechnik GmbH<br \/>\nGesch\u00e4ftsf\u00fchrer Wolfgang Keiler<br \/>\n+43 664 1639148<br \/>\ninfo@installateur-wattens.at<\/p>\n<p>Gesch\u00e4ftsf\u00fchrer Manuel Astl<br \/>\nDr.-Karl-Stainer-Stra\u00dfe 2, 6112 Wattens<br \/>\n+43 664 1639149<br \/>\noffice@installateur-wattens.at<\/p>\n<p>www.installateur-wattens.at<br \/>\nSparkasse Schwaz<br \/>\nBIC: SPSCAT22XXX<br \/>\nIBAN: AT95\u20092051\u20090004\u20090040\u20094505<br \/>\nUID-Nr.\u00a0ATU67618759<br \/>\nInformationsplicht lt. ECG und Mediengesetz<\/p>\n<p><span style=\"text-decoration: underline;\">Design &amp; Umsetzung<\/span><br \/>\ndieLengenfelder<br \/>\nTel +43.664.1368 266<br \/>\nMax-Angerer-Weg 1a<br \/>\n6130 Schwaz<br \/>\nwww.dielengenfelder.at<\/p>\n<p>RECHTLICHER HINWEIS<\/p>\n<p>1. Inhalt des Onlineangebotes<br \/>\nKeiler &amp; Astl Installationsstechnik GmbH \u2013 im folgenden kurz Autor genannt \u2013 \u00fcbernimmt keinerlei Gew\u00e4hr f\u00fcr die Aktualit\u00e4t, Korrektheit, Vollst\u00e4ndigkeit oder Qualit\u00e4t der bereitgestellten Informationen. Haftungsanspr\u00fcche gegen den Autor, welche sich auf Sch\u00e4den materieller oder ideeller Art beziehen, die durch die Nutzung oder Nichtnutzung der dargebotenen Informationen bzw. durch die Nutzung fehlerhafter und unvollst\u00e4ndiger Informationen verursacht wurden, sind grunds\u00e4tzlich ausgeschlossen. Alle Angebote sind freibleibend und unverbindlich. Der Autor beh\u00e4lt es sich ausdr\u00fccklich vor, Teile der Seiten oder das gesamte Angebot ohne gesonderte Ank\u00fcndigung zu ver\u00e4ndern, zu erg\u00e4nzen, zu l\u00f6schen oder die Ver\u00f6ffentlichung zeitweise oder endg\u00fcltig einzustellen.<\/p>\n<p>2. Verweise und Links<br \/>\nAuf die aktuelle und zuk\u00fcnftige Gestaltung, die Inhalte oder die Urheberschaft der gelinkten\/verkn\u00fcpften Seiten hat der Autor keinerlei Einfluss. Deshalb distanziert er sich hiermit ausdr\u00fccklich von allen Inhalten aller gelinkten\/verkn\u00fcpften Seiten. Diese Feststellung gilt f\u00fcr alle innerhalb des eigenen Internetangebotes gesetzten Links und Verweise sowie f\u00fcr Fremdeintr\u00e4ge in vom Autor eingerichteten G\u00e4steb\u00fcchern, Diskussionsforen und Mailinglisten. F\u00fcr illegale, fehlerhafte oder unvollst\u00e4ndige Inhalte und insbesondere f\u00fcr Sch\u00e4den, die aus der Nutzung oder Nichtnutzung solcherart dargebotener Informationen entstehen, haftet allein der Anbieter der Seite, auf welche verwiesen wurde, nicht derjenige, der \u00fcber Links auf die jeweilige Ver\u00f6ffentlichung lediglich verweist.<\/p>\n<p>3. Urheber- und Kennzeichenrecht<br \/>\nDer Autor ist bestrebt, in allen Publikationen die Urheberrechte der verwendeten Grafiken, Tondokumente, Videosequenzen und Texte zu beachten, von ihm selbst erstellte Grafiken, Tondokumente, Videosequenzen und Texte zu nutzen oder auf lizenzfreie Grafiken, Tondokumente, Videosequenzen und Texte zur\u00fcckzugreifen. Alle innerhalb des Internetangebotes genannten und ggf. durch Dritte gesch\u00fctzten Marken- und Warenzeichen unterliegen uneingeschr\u00e4nkt den Bestimmungen des jeweils g\u00fcltigen Kennzeichenrechts und den Besitzrechten der jeweiligen eingetragenen Eigent\u00fcmer. Allein aufgrund der blo\u00dfen Nennung ist nicht der Schluss zu ziehen, dass Markenzeichen nicht durch Rechte Dritter gesch\u00fctzt sind!<br \/>\nDas Copyright f\u00fcr ver\u00f6ffentlichte, vom Autor selbst erstellte Objekte bleibt allein beim Autor der Seiten. Eine Vervielf\u00e4ltigung oder Verwendung solcher Grafiken, Tondokumente, Videosequenzen und Texte in anderen elektronischen oder gedruckten Publikationen ist ohne ausdr\u00fcckliche Zustimmung des Autors nicht gestattet.<\/p>\n<p>4. Datenschutz<br \/>\nSofern innerhalb des Internetangebotes die M\u00f6glichkeit zur Eingabe pers\u00f6nlicher oder gesch\u00e4ftlicher Daten (Emailadressen, Namen, Anschriften) besteht, so erfolgt die Preisgabe dieser Daten seitens des Nutzers auf ausdr\u00fccklich freiwilliger Basis. Die Inanspruchnahme und Bezahlung aller angebotenen Dienste ist \u2013 soweit technisch m\u00f6glich und zumutbar \u2013 auch ohne Angabe solcher Daten bzw. unter Angabe anonymisierter Daten oder eines Pseudonyms gestattet. Die Nutzung der im Rahmen des Impressums oder vergleichbarer Angaben ver\u00f6ffentlichten Kontaktdaten wie Postanschriften, Telefon- und Faxnummern sowie Emailadressen durch Dritte zur \u00dcbersendung von nicht ausdr\u00fccklich angeforderten Informationen ist nicht gestattet. Rechtliche Schritte gegen die Versender von sogenannten Spam-Mails bei Verst\u00f6ssen gegen dieses Verbot sind ausdr\u00fccklich vorbehalten.<\/p>\n<p>5. Rechtswirksamkeit dieses Haftungsausschlusses<br \/>\nDieser Haftungsausschluss ist als Teil des Internetangebotes zu betrachten, von dem aus auf diese Seite verwiesen wurde. Sofern Teile oder einzelne Formulierungen dieses Textes der geltenden Rechtslage nicht, nicht mehr oder nicht vollst\u00e4ndig entsprechen sollten, bleiben die \u00fcbrigen Teile des Dokumentes in ihrem Inhalt und ihrer G\u00fcltigkeit davon unber\u00fchrt.<\/p>\n<p>6. Google Analytics<br \/>\nDiese Web\u00adsite be\u00adnutzt Goog\u00adle Ana\u00adly\u00adtics, einen Webana\u00adly\u00adse\u00addienst der Goog\u00adle Inc. (\u201eGoog\u00adle\u201d). Goog\u00adle Ana\u00adly\u00adtics ver\u00adwen\u00addet sog. \u201eCoo\u00adkies\u201d, Text\u00adda\u00adtei\u00aden, die auf Ihrem Com\u00adpu\u00adter ge\u00adspei\u00adchert wer\u00adden und die eine Ana\u00adly\u00adse der Be\u00adnut\u00adzung der Web\u00adsite durch Sie er\u00adm\u00f6g\u00adli\u00adchen. Die durch den Coo\u00adkie er\u00adzeug\u00adten In\u00adfor\u00adma\u00adtio\u00adnen \u00fcber Ihre Be\u00adnut\u00adzung die\u00adser Web\u00adsite (ein\u00adschlie\u00ad\u00df\u00adlich Ihrer IP-Adres\u00adse) wird an einen Ser\u00adver von Goog\u00adle in den USA \u00fcber\u00adtra\u00adgen und dort ge\u00adspei\u00adchert. Goog\u00adle wird diese In\u00adfor\u00adma\u00adtio\u00adnen be\u00adnut\u00adzen, um Ihre Nut\u00adzung der Web\u00adsite aus\u00adzu\u00adwer\u00adten, um Re\u00adports \u00fcber die Web\u00adsiteak\u00adti\u00advi\u00adt\u00e4\u00adten f\u00fcr die Web\u00adsite\u00adbe\u00adtrei\u00adber zu\u00adsam\u00admen\u00adzu\u00adstel\u00adlen und um wei\u00adte\u00adre mit der Web\u00adsitenut\u00adzung und der In\u00adter\u00adnet\u00adnut\u00adzung ver\u00adbun\u00adde\u00adne Dienst\u00adleis\u00adtun\u00adgen zu er\u00adbrin\u00adgen. Auch wird Goog\u00adle diese In\u00adfor\u00adma\u00adtio\u00adnen ge\u00adge\u00adbe\u00adnen\u00adfalls an Drit\u00adte \u00fcber\u00adtra\u00adgen, so\u00adfern dies ge\u00adsetz\u00adlich vor\u00adge\u00adschrie\u00adben oder so\u00adweit Drit\u00adte diese Daten im Auf\u00adtrag von Goog\u00adle ver\u00adar\u00adbei\u00adten. Goog\u00adle wird in kei\u00adnem Fall Ihre IP-Adres\u00adse mit an\u00adde\u00adren Daten von Goog\u00adle in Ver\u00adbin\u00addung brin\u00adgen. Sie k\u00f6n\u00adnen die In\u00adstal\u00adla\u00adti\u00adon der Coo\u00adkies durch eine ent\u00adspre\u00adchen\u00adde Ein\u00adstel\u00adlung Ihrer Brow\u00adser Soft\u00adware ver\u00adhin\u00addern; wir wei\u00adsen Sie je\u00addoch dar\u00adauf hin, dass Sie in die\u00adsem Fall ge\u00adge\u00adbe\u00adnen\u00adfalls nicht s\u00e4mt\u00adli\u00adche Funk\u00adtio\u00adnen die\u00adser Web\u00adsite voll\u00adum\u00adf\u00e4ng\u00adlich nut\u00adzen k\u00f6n\u00adnen. Durch die Nut\u00adzung die\u00adser Web\u00adsite er\u00adkl\u00e4\u00adren Sie sich mit der Be\u00adar\u00adbei\u00adtung der \u00fcber Sie er\u00adho\u00adbe\u00adnen Daten durch Goog\u00adle in der zuvor be\u00adschrie\u00adbe\u00adnen Art und Weise und zu dem zuvor be\u00adnann\u00adten Zweck ein\u00adver\u00adstan\u00adden.<\/p>\n<p>7. Ver\u00adwen\u00addung von Face\u00adbook So\u00adci\u00adal Plug\u00adins<br \/>\nUnser In\u00adter\u00adnet\u00adauf\u00adtritt ver\u00adwen\u00addet So\u00adci\u00adal Plug\u00adins (\u201ePlug\u00adins\u201c) des so\u00adzia\u00adlen Netz\u00adwer\u00adkes facebook.com, wel\u00adches von der Face\u00adbook Inc., 1601 S. Ca\u00adli\u00adfor\u00adnia Ave, Palo Alto, CA 94304, USA be\u00adtrie\u00adben wird (\u201eFace\u00adbook\u201c). Die Plug\u00adins sind mit einem Face\u00adbook Logo oder dem Zu\u00adsatz \u201eFace\u00adbook So\u00adci\u00adal Plu\u00adgin\u201c ge\u00adkenn\u00adzeich\u00adnet.<\/p>\n<p>Wenn Sie eine Web\u00adsei\u00adte un\u00adse\u00adres In\u00adter\u00adnet\u00adauf\u00adtritts auf\u00adru\u00adfen, die ein sol\u00adches Plu\u00adgin ent\u00adh\u00e4lt, baut Ihr Brow\u00adser eine di\u00adrek\u00adte Ver\u00adbin\u00addung mit den Ser\u00advern von Face\u00adbook auf. Der In\u00adhalt des Plug\u00adins wird von Face\u00adbook di\u00adrekt an Ihren Brow\u00adser \u00fcber\u00admit\u00adtelt und von die\u00adsem in die Web\u00adsei\u00adte ein\u00adge\u00adbun\u00adden.<\/p>\n<p>Durch die Ein\u00adbin\u00addung der Plug\u00adins er\u00adh\u00e4lt Face\u00adbook die In\u00adfor\u00adma\u00adti\u00adon, dass Sie die ent\u00adspre\u00adchen\u00adde Seite un\u00adse\u00adres In\u00adter\u00adnet\u00adauf\u00adtritts auf\u00adge\u00adru\u00adfen haben. Sind Sie bei Face\u00adbook ein\u00adge\u00adloggt kann Face\u00adbook den Be\u00adsuch Ihrem Face\u00adbook-Kon\u00adto zu\u00adord\u00adnen. Wenn Sie mit den Plug\u00adins in\u00adter\u00adagie\u00adren, zum Bei\u00adspiel den \u201eGe\u00adf\u00e4llt mir\u201c But\u00adton be\u00adt\u00e4\u00adti\u00adgen oder einen Kom\u00admen\u00adtar ab\u00adge\u00adben, wird die ent\u00adspre\u00adchen\u00adde In\u00adfor\u00adma\u00adti\u00adon von Ihrem Brow\u00adser di\u00adrekt an Face\u00adbook \u00fcber\u00admit\u00adtelt und dort ge\u00adspei\u00adchert.<\/p>\n<p>Zweck und Um\u00adfang der Da\u00adten\u00ader\u00adhe\u00adbung und die wei\u00adte\u00adre Ver\u00adar\u00adbei\u00adtung und Nut\u00adzung der Daten durch Face\u00adbook sowie Ihre dies\u00adbe\u00adz\u00fcg\u00adli\u00adchen Rech\u00adte und Ein\u00adstel\u00adlungs\u00adm\u00f6g\u00adlich\u00adkei\u00adten zum Schutz Ihrer Pri\u00advatssph\u00e4\u00adre ent\u00adneh\u00admen Sie bitte den Da\u00adten\u00adschutz\u00adhin\u00adwei\u00adsen von Face\u00adbook.<\/p>\n<p>Wenn Sie nicht m\u00f6ch\u00adten, dass Face\u00adbook \u00fcber un\u00adse\u00adren In\u00adter\u00adnet\u00adauf\u00adtritt Daten \u00fcber Sie sam\u00admelt, m\u00fcs\u00adsen Sie sich vor Ihrem Be\u00adsuch un\u00adse\u00adres In\u00adter\u00adnet\u00adauf\u00adtritts bei Face\u00adbook aus\u00adlog\u00adgen.<\/p>\n<p>&nbsp;<\/p>\n<p><a href=\"https:\/\/www.angerer-keiler.at\/index.php\/datenschutzerklaerung\/\">Datenschutzbestimmungen<\/a><\/p>\n","protected":false},"excerpt":{"rendered":"<p>&nbsp; IMPRESSSUM Keiler &amp; Astl Installationstechnik GmbH Gesch\u00e4ftsf\u00fchrer Wolfgang Keiler +43 664 1639148 info@installateur-wattens.at Gesch\u00e4ftsf\u00fchrer Manuel Astl Dr.-Karl-Stainer-Stra\u00dfe 2, 6112 Wattens +43 664 1639149 office@installateur-wattens.at www.installateur-wattens.at<span class=\"excerpt-hellip\"> [\u2026]<\/span><\/p>\n","protected":false},"author":1,"featured_media":1897,"parent":0,"menu_order":0,"comment_status":"closed","ping_status":"closed","template":"","meta":{"footnotes":""},"_links":{"self":[{"href":"https:\/\/www.installateur-wattens.at\/index.php\/wp-json\/wp\/v2\/pages\/1911"}],"collection":[{"href":"https:\/\/www.installateur-wattens.at\/index.php\/wp-json\/wp\/v2\/pages"}],"about":[{"href":"https:\/\/www.installateur-wattens.at\/index.php\/wp-json\/wp\/v2\/types\/page"}],"author":[{"embeddable":true,"href":"https:\/\/www.installateur-wattens.at\/index.php\/wp-json\/wp\/v2\/users\/1"}],"replies":[{"embeddable":true,"href":"https:\/\/www.installateur-wattens.at\/index.php\/wp-json\/wp\/v2\/comments?post=1911"}],"version-history":[{"count":16,"href":"https:\/\/www.installateur-wattens.at\/index.php\/wp-json\/wp\/v2\/pages\/1911\/revisions"}],"predecessor-version":[{"id":1965,"href":"https:\/\/www.installateur-wattens.at\/index.php\/wp-json\/wp\/v2\/pages\/1911\/revisions\/1965"}],"wp:featuredmedia":[{"embeddable":true,"href":"https:\/\/www.installateur-wattens.at\/index.php\/wp-json\/wp\/v2\/media\/1897"}],"wp:attachment":[{"href":"https:\/\/www.installateur-wattens.at\/index.php\/wp-json\/wp\/v2\/media?parent=1911"}],"curies":[{"name":"wp","href":"https:\/\/api.w.org\/{rel}","templated":true}]}}